{"id":8469,"date":"2022-12-28T10:05:03","date_gmt":"2022-12-28T09:05:03","guid":{"rendered":"https:\/\/www.hatria.com\/cookie-policy\/"},"modified":"2022-12-28T10:05:03","modified_gmt":"2022-12-28T09:05:03","slug":"cookie-policy","status":"publish","type":"page","link":"https:\/\/www.hatria.com\/en\/cookie-policy\/","title":{"rendered":"Cookie Policy"},"content":{"rendered":"\t\t<div data-elementor-type=\"wp-page\" data-elementor-id=\"8469\" class=\"elementor elementor-8469 elementor-250\" data-elementor-post-type=\"page\">\n\t\t\t\t\t\t<section class=\"elementor-section elementor-top-section elementor-element elementor-element-fa5970a elementor-section-boxed elementor-section-height-default elementor-section-height-default\" data-id=\"fa5970a\" data-element_type=\"section\">\n\t\t\t\t\t\t<div class=\"elementor-container elementor-column-gap-default\">\n\t\t\t\t\t<div class=\"elementor-column elementor-col-100 elementor-top-column elementor-element elementor-element-8ca68e8\" data-id=\"8ca68e8\" data-element_type=\"column\">\n\t\t\t<div class=\"elementor-widget-wrap elementor-element-populated\">\n\t\t\t\t\t\t<div class=\"elementor-element elementor-element-113e10c elementor-widget elementor-widget-heading\" data-id=\"113e10c\" data-element_type=\"widget\" data-widget_type=\"heading.default\">\n\t\t\t\t<div class=\"elementor-widget-container\">\n\t\t\t\t\t<h1 class=\"elementor-heading-title elementor-size-default\">Cookie Policy<\/h1>\t\t\t\t<\/div>\n\t\t\t\t<\/div>\n\t\t\t\t<div class=\"elementor-element elementor-element-3ced4b4 elementor-widget elementor-widget-text-editor\" data-id=\"3ced4b4\" data-element_type=\"widget\" data-widget_type=\"text-editor.default\">\n\t\t\t\t<div class=\"elementor-widget-container\">\n\t\t\t\t\t\t\t\t\t<div class=\"page\" title=\"Page 10\">\n<div class=\"layoutArea\">\n<div class=\"column\">\n<p class=\"p1\"><b>INFORMATIVA SULLA PROTEZIONE DEI DATI PERSONALI<\/b><\/p>\n<p><b>Titolare del trattamento \u00e8<br><\/b>Hatria s.r.l. a Socio Unico con sede legale in Via Isidoro e Lepido Facii \u2013 Zona Industriale S. Atto \u2013 64020 Teramo (TE) &#8211; indirizzo email <a href=\"mailto:privacy@hatria.com\"><span class=\"s1\">privacy@hatria.com<\/span><\/a>.<\/p>\n<p class=\"p1\">A seguito dell\u2019attuazione della normativa europea sul trattamento dei dati personali il Regolamento Generale sulla Protezione dei Dati (General Data Protection Regulation, da cui l\u2019acronimo GDPR) e della relativa norma italiana di riferimento Hatria s.r.l. a Socio Unico riconosce l\u2019importanza della protezione dei dati personali e della loro tutela, come uno degli obiettivi principali della propria attivit\u00e0 e intende fornirle un preciso riscontro in merito alle modalit\u00e0 di trattamento dei suoi dati personali.<\/p>\n<p class=\"p1\">La presente Informativa sulla Protezione dei Dati Personali (di seguito Informativa) si applica esclusivamente alle attivit\u00e0 online del presente sito ed \u00e8 valida per i visitatori\/utenti del sito Hatria s.r.l. a Socio Unico, non si applica ad altri siti web eventualmente consultati tramite link esterni. L\u2019Informativa le fornisce dettagliate informazioni riguardo l\u2019esercizio dei suoi diritti di natura conoscitiva e di controllo in merito ai suoi dati personali concessi al Titolare del trattamento.<span class=\"Apple-converted-space\">&nbsp;<\/span><\/p>\n<p>La Hatria s.r.l. a Socio Unico la informa inoltre che il trattamento dei suoi dati personali sar\u00e0 basato sui principi di liceit\u00e0, correttezza, trasparenza, limitazione delle finalit\u00e0 e della conservazione, minimizzazione dei dati, esattezza, integrit\u00e0 e riservatezza.<\/p>\n<p class=\"p1\"><b>Categorie e Tipologia dei Dati che trattiamo<\/b><\/p>\n<p class=\"p1\"><b><i>Dati comuni<\/i><\/b>: Nome, cognome, indirizzo email, azienda di appartenenza.<\/p>\n<p class=\"p1\"><b><i>Dati di navigazione<\/i><\/b>: ossia tutte le informazioni la cui trasmissione e conseguente raccolta \u00e8 implicita nei protocolli di comunicazione di internet. Non la identificano direttamente ma potrebbero identificarla se elaborati ed associati con dati detenuti da terzi: questo sito non trasmette i dati a terzi. Nello specifico: indirizzo IP, l\u2019URL visitato, giorno e ora esatti della richiesta di collegamento, URL di provenienza.<\/p>\n<p class=\"p1\"><b>Finalit\u00e0 del Trattamento e base giuridica<\/b><\/p>\n<p class=\"p2\">Hatria s.r.l. a socio Unico tratter\u00e0 i suoi dati personali per le seguenti <span class=\"s1\"><b><i>finalit\u00e0<\/i><\/b><\/span>:<\/p>\n<p class=\"p1\">1. Richiesta di un contatto per informazioni di suo interesse<\/p>\n<p class=\"p1\">2. Garantire la sicurezza del sito e la sua navigabilit\u00e0<\/p>\n<p><span class=\"s1\"><b><i>Le basi legali<\/i><\/b><\/span> del trattamento per le finalit\u00e0 citate sono:<\/p>\n<p>In merito al punto <br>1) l\u2019esecuzione di misure precontrattuali adottate dietro sua diretta richiesta<\/p>\n<p>In merito al punto <br>2) il legittimo interesse del Titolare di garantire la fruibilit\u00e0 e la sicurezza del sito.<\/p>\n<p class=\"p1\"><b>Natura del conferimento dei dati e conseguenze di eventuale mancato conferimento<\/b><\/p>\n<p class=\"p1\">A parte il conferimento dei dati di navigazione, necessario per permetterle il collegamento e la navigazione sul sito, gli utenti\/visitatori del sito sono liberi di fornire i propri dati personali.<\/p>\n<p class=\"p1\">Il mancato conferimento dei dati di cui al punto 1 precedente le permetter\u00e0 di navigare comunque sul sito ma non consentir\u00e0 alla Hatria s.r.l. a Socio Unico di instaurare il rapporto connesso alla finalit\u00e0 indicata.<\/p>\n<p class=\"p1\"><b>Misure di sicurezza<\/b><\/p>\n<p class=\"p1\">Il presente sito tratta i suoi dati in maniera lecita e corretta, adottando le opportune misure di sicurezza volte ad impedire accessi non autorizzati, divulgazione, modifica o distruzione non autorizzata dei dati. Il trattamento viene effettuato mediante strumenti informatici e\/o telematici, con modalit\u00e0 organizzative e con logiche strettamente correlate alle finalit\u00e0 indicate. A tal fine la Hatria s.r.l. a Socio Unico si avvale delle infrastrutture tecniche ed organizzative fornite dalla AWS (Amazon Web Services) &#8211; <a href=\"https:\/\/aws.amazon.com\/it\/blogs\/security\/customer-update-aws-and-the-eu-us-privacy-shield\/\" target=\"_blank\" rel=\"noopener\">US Privacy Shield<\/a><\/p>\n<p class=\"p1\"><b>Comunicazione dei dati a terzi<\/b><\/p>\n<p class=\"p1\">Oltre al Titolare i suoi dati potranno essere comunicati a:<\/p>\n<ul class=\"ul1\">\n<li class=\"li1\">Persone autorizzate da<span class=\"Apple-converted-space\">&nbsp; <\/span>Hatria s.r.l. a Socio Unico<span class=\"Apple-converted-space\">&nbsp; <\/span>al trattamento dei dati personali<span class=\"Apple-converted-space\">&nbsp;<\/span><\/li>\n<li class=\"li1\">soggetti esterni necessari per l\u2019erogazione dei servizi offerti dal sito e per garantirne la conformit\u00e0 legale, ma che in ogni caso agiscono tipicamente in qualit\u00e0 di responsabili del trattamento nominati da Hatria s.r.l. a Socio Unico<\/li>\n<li class=\"li1\">Forze di polizia ogniqualvolta ci\u00f2 sia richiesto da una norma di legge o da un provvedimento di altra Autorit\u00e0 competente<\/li>\n<\/ul>\n<p class=\"p1\"><b>Trasferimento dei dati <span class=\"Apple-converted-space\">&nbsp; &nbsp;<\/span><\/b><\/p>\n<p class=\"p1\">I suoi dati personali non sono oggetto di trattamento al di fuori dello spazio dell\u2019Unione Europea.<\/p>\n<p class=\"p1\"><b>Conservazione dei dati <span class=\"Apple-converted-space\">&nbsp; &nbsp;<\/span><\/b><\/p>\n<p class=\"p1\">I dati raccolti dal sito durante il collegamento e la navigazione sono conservati per 15 giorni presso l\u2019hosting web di AWS in Francoforte (DE). Per quanto riguarda i dati di contatto per l\u2019invio di informazioni saranno conservati per tutta la durata delle attivit\u00e0 pre e contrattuali e fino alla sua richiesta di cancellazione.<\/p>\n<p class=\"p1\"><b>Diritti degli interessati <\/b><a href=\"https:\/\/www.hatria.com\/informativa-sito\/\" target=\"_blank\" rel=\"noopener\">Area dei diritti privacy<\/a><\/p>\n<p class=\"p1\">Relativamente ai suoi dati personali lei potr\u00e0 esercitare in qualsiasi momento i diritti previsti dal Regolamento UE 2016\/679 negli artt. da 15-22. Data la tipologia dei dati trattati saremo in grado di agevolare l\u2019esercizio dei suoi diritti in merito:<\/p>\n<ul class=\"ul1\">\n<li class=\"li1\"><b>diritto di accesso ai suoi dati personali,<\/b> ottenere informazioni in relazione alle finalit\u00e0 per cui i Suoi dati personali sono trattati, al periodo del trattamento e ai soggetti cui i dati sono comunicati<\/li>\n<li class=\"li3\"><b>Rettifica<\/b>, ottenere la rettifica o integrazione dei dati personali inesatti che La riguardano;<\/li>\n<li class=\"li3\"><b>Cancellazione<\/b>, ottenere la cancellazione dei dati personali che La riguardano nei seguenti casi (a) i dati non siano pi\u00f9\u0300 necessari per le finalit\u00e0\u0300 per le quali sono stati raccolti; (c) Lei si sia opposto al trattamento dei dati personali che La riguardano nel caso in cui essi siano trattari per un nostro legittimo interesse; (d) il trattamento dei suoi dati personali non sia conforme alla legge. Tuttavia, Le segnaliamo che la conservazione dei dati personali da parte del Titolare \u00e8 lecita qualora sia necessaria per consentirle di adempiere un obbligo legale o per accertare, esercitare o difendere un diritto in sede giudiziaria;<\/li>\n<li class=\"li3\"><b>Limitazione<\/b> al trattamento, ottenere che i dati personali che La riguardano siano solo conservati senza che di essi sia fatto altro uso nei seguenti casi: (a) Lei contesti l&#8217;esattezza dei dati personali, per il periodo necessario a consentirci di verificare l&#8217;esattezza di tali dati personali; (b) il trattamento sia illecito ma Lei si opponga comunque alla cancellazione dei dati personali da parte nostra; (c) i dati personali Le siano necessari per l&#8217;accertamento, l&#8217;esercizio o la difesa di un diritto in sede giudiziaria; (d) Lei si sia opposto al trattamento e si sia in attesa della verifica in merito all&#8217;eventuale prevalenza dei motivi legittimi del Titolare al trattamento rispetto a quelli dell&#8217;interessato; e) se sussiste un interesse pubblico;<\/li>\n<li class=\"li3\"><b>Opposizione<\/b>, ottenere la cessazione del trattamento nei casi in cui i Suoi dati personali siano trattati per il nostro legittimo interesse e Lei contesti l\u2019esistenza di questo interesse.<\/li>\n<\/ul>\n<p class=\"p1\">Le richieste possono essere inoltrate al Titolare del trattamento a scelta ai seguenti recapiti che trova nell\u2019area privacy del sito: <i>privacy@hatria.com<\/i><span class=\"Apple-converted-space\">&nbsp;<\/span><b> \u2013 <\/b>Telefono 0861 20.11. Sar\u00e0 cura della Hatria s.r.l. a Socio Unico rispondere alla sua richiesta entro un mese dalla data di ricezione della stessa.<\/p>\n<p class=\"p1\">Lei ha il diritto di proporre <b>Reclamo<\/b> a un\u2019autorit\u00e0 di controllo (Garante per la Protezione dei Dati Personali \u2013 GPDP) Piazza Venezia, 11 \u2013 00187 Roma, secondo le modalit\u00e0 indicate sul sito della stessa Autorit\u00e0 Garante (<span class=\"s1\">garanteprivacy.it<\/span>)<\/p>\n<p><b>Cookie Policy<\/b><\/p>\n<p class=\"p3\">La Hatria s.r.l. a Socio Unico utilizza esclusivamente cookie tecnici necessari al funzionamento e alla fruibilit\u00e0 del sito.<span class=\"Apple-converted-space\">&nbsp;<\/span><\/p>\n<p><b>I Cookie tecnici<\/b>, sono utilizzati al solo fine di effettuare la trasmissione di una comunicazione elettronica, per garantire la corretta visualizzazione del sito e la navigazione all\u2019interno di esso nonch\u00e9 per motivi di sicurezza del sito. Per questi cookie non occorre consenso.<\/p>\n<p class=\"p5\"><span class=\"s2\">Il presente sito incorpora anche <\/span>Pulsanti e widget di social network Per fare in modo che i visitatori del sito possano condividere i contenuti del sito sui social network. Questi strumenti possono raccogliere cookie di terze parti installati dai social network.<\/p>\n<p><span class=\"s3\">Il sito non condivide nessuna informazione con tali widget e l<\/span>a raccolta e l\u2019uso delle informazioni ottenute a mezzo del plugin sono regolati dalle rispettive informative privacy dei social network, alle quali si prega di fare riferimento<span class=\"s3\">:<span class=\"Apple-converted-space\">&nbsp;<\/span><\/span><\/p>\n<ul class=\"ul1\">\n<li class=\"li1\"><span class=\"s2\">Privacy&nbsp;[<a href=\"https:\/\/www.facebook.com\/policies\/cookies\/\" target=\"_blank\" rel=\"noopener\"><span class=\"s3\">Facebook<\/span><\/a> ]<span class=\"Apple-converted-space\">&nbsp;<\/span><\/span><\/li>\n<li class=\"li1\"><span class=\"s2\">Privacy&nbsp;[<a href=\"https:\/\/help.instagram.com\/519522125107875\/?maybe_redirect_pol=0\" target=\"_blank\" rel=\"noopener\"><span class=\"s3\">Instagram<\/span><\/a>] <span class=\"Apple-converted-space\">&nbsp;<\/span><\/span><\/li>\n<li class=\"li2\"><span class=\"s4\">Privacy <\/span>[<a href=\"https:\/\/it.linkedin.com\/legal\/privacy-policy\" target=\"_blank\" rel=\"noopener\">Linkedin<\/a>]<span class=\"Apple-converted-space\">&nbsp;<\/span><\/li>\n<li class=\"li2\"><span class=\"s4\">Privacy <\/span>[<a href=\"https:\/\/www.youtube.com\/intl\/ALL_it\/howyoutubeworks\/our-commitments\/protecting-user-data\/\" target=\"_blank\" rel=\"noopener\"><span class=\"s4\">YouTube<\/span><\/a>]<span class=\"Apple-converted-space\">&nbsp;<\/span><\/li>\n<\/ul>\n<p class=\"p7\">La presente Informativa \u00e8 aggiornata alla data del 16 febbraio 2023<\/p>\n<\/div>\n<\/div>\n<\/div>\t\t\t\t\t\t\t\t<\/div>\n\t\t\t\t<\/div>\n\t\t\t\t\t<\/div>\n\t\t<\/div>\n\t\t\t\t\t<\/div>\n\t\t<\/section>\n\t\t\t\t<\/div>\n\t\t","protected":false},"excerpt":{"rendered":"<p>Cookie Policy INFORMATIVA SULLA PROTEZIONE DEI DATI PERSONALI Titolare del trattamento \u00e8Hatria s.r.l. a Socio Unico con sede legale in Via Isidoro e Lepido Facii \u2013 Zona Industriale S. Atto \u2013 64020 Teramo (TE) &#8211; indirizzo email privacy@hatria.com. A seguito dell\u2019attuazione della normativa europea sul trattamento dei dati personali il Regolamento Generale sulla Protezione dei [&hellip;]<\/p>\n","protected":false},"author":1,"featured_media":0,"parent":0,"menu_order":35,"comment_status":"closed","ping_status":"closed","template":"elementor_header_footer","meta":{"_acf_changed":false,"footnotes":""},"class_list":["post-8469","page","type-page","status-publish","hentry"],"acf":[],"yoast_head":"<!-- This site is optimized with the Yoast SEO plugin v24.8.1 - https:\/\/yoast.com\/wordpress\/plugins\/seo\/ -->\n<title>Cookie Policy - Hatria S.r.l.<\/title>\n<meta name=\"robots\" content=\"index, follow, max-snippet:-1, max-image-preview:large, max-video-preview:-1\" \/>\n<link rel=\"canonical\" href=\"https:\/\/www.hatria.com\/en\/cookie-policy\/\" \/>\n<meta property=\"og:locale\" content=\"en_US\" \/>\n<meta property=\"og:type\" content=\"article\" \/>\n<meta property=\"og:title\" content=\"Cookie Policy - Hatria S.r.l.\" \/>\n<meta property=\"og:description\" content=\"Cookie Policy INFORMATIVA SULLA PROTEZIONE DEI DATI PERSONALI Titolare del trattamento \u00e8Hatria s.r.l. a Socio Unico con sede legale in Via Isidoro e Lepido Facii \u2013 Zona Industriale S. Atto \u2013 64020 Teramo (TE) &#8211; indirizzo email privacy@hatria.com. A seguito dell\u2019attuazione della normativa europea sul trattamento dei dati personali il Regolamento Generale sulla Protezione dei [&hellip;]\" \/>\n<meta property=\"og:url\" content=\"https:\/\/www.hatria.com\/en\/cookie-policy\/\" \/>\n<meta property=\"og:site_name\" content=\"Hatria S.r.l.\" \/>\n<meta name=\"twitter:card\" content=\"summary_large_image\" \/>\n<meta name=\"twitter:label1\" content=\"Est. reading time\" \/>\n\t<meta name=\"twitter:data1\" content=\"7 minutes\" \/>\n<script type=\"application\/ld+json\" class=\"yoast-schema-graph\">{\"@context\":\"https:\/\/schema.org\",\"@graph\":[{\"@type\":\"WebPage\",\"@id\":\"https:\/\/www.hatria.com\/en\/cookie-policy\/\",\"url\":\"https:\/\/www.hatria.com\/en\/cookie-policy\/\",\"name\":\"Cookie Policy - Hatria S.r.l.\",\"isPartOf\":{\"@id\":\"https:\/\/www.hatria.com\/en\/#website\"},\"datePublished\":\"2022-12-28T09:05:03+00:00\",\"breadcrumb\":{\"@id\":\"https:\/\/www.hatria.com\/en\/cookie-policy\/#breadcrumb\"},\"inLanguage\":\"en-US\",\"potentialAction\":[{\"@type\":\"ReadAction\",\"target\":[\"https:\/\/www.hatria.com\/en\/cookie-policy\/\"]}]},{\"@type\":\"BreadcrumbList\",\"@id\":\"https:\/\/www.hatria.com\/en\/cookie-policy\/#breadcrumb\",\"itemListElement\":[{\"@type\":\"ListItem\",\"position\":1,\"name\":\"Home\",\"item\":\"https:\/\/www.hatria.com\/en\/\"},{\"@type\":\"ListItem\",\"position\":2,\"name\":\"Cookie Policy\"}]},{\"@type\":\"WebSite\",\"@id\":\"https:\/\/www.hatria.com\/en\/#website\",\"url\":\"https:\/\/www.hatria.com\/en\/\",\"name\":\"Hatria S.r.l.\",\"description\":\"Creating Innovation\",\"publisher\":{\"@id\":\"https:\/\/www.hatria.com\/en\/#organization\"},\"potentialAction\":[{\"@type\":\"SearchAction\",\"target\":{\"@type\":\"EntryPoint\",\"urlTemplate\":\"https:\/\/www.hatria.com\/en\/?s={search_term_string}\"},\"query-input\":{\"@type\":\"PropertyValueSpecification\",\"valueRequired\":true,\"valueName\":\"search_term_string\"}}],\"inLanguage\":\"en-US\"},{\"@type\":\"Organization\",\"@id\":\"https:\/\/www.hatria.com\/en\/#organization\",\"name\":\"Hatria S.r.l.\",\"url\":\"https:\/\/www.hatria.com\/en\/\",\"logo\":{\"@type\":\"ImageObject\",\"inLanguage\":\"en-US\",\"@id\":\"https:\/\/www.hatria.com\/en\/#\/schema\/logo\/image\/\",\"url\":\"https:\/\/www.hatria.com\/site\/wp-content\/uploads\/2022\/12\/Hatria.svg\",\"contentUrl\":\"https:\/\/www.hatria.com\/site\/wp-content\/uploads\/2022\/12\/Hatria.svg\",\"caption\":\"Hatria S.r.l.\"},\"image\":{\"@id\":\"https:\/\/www.hatria.com\/en\/#\/schema\/logo\/image\/\"}}]}<\/script>\n<!-- \/ Yoast SEO plugin. -->","yoast_head_json":{"title":"Cookie Policy - Hatria S.r.l.","robots":{"index":"index","follow":"follow","max-snippet":"max-snippet:-1","max-image-preview":"max-image-preview:large","max-video-preview":"max-video-preview:-1"},"canonical":"https:\/\/www.hatria.com\/en\/cookie-policy\/","og_locale":"en_US","og_type":"article","og_title":"Cookie Policy - Hatria S.r.l.","og_description":"Cookie Policy INFORMATIVA SULLA PROTEZIONE DEI DATI PERSONALI Titolare del trattamento \u00e8Hatria s.r.l. a Socio Unico con sede legale in Via Isidoro e Lepido Facii \u2013 Zona Industriale S. Atto \u2013 64020 Teramo (TE) &#8211; indirizzo email privacy@hatria.com. A seguito dell\u2019attuazione della normativa europea sul trattamento dei dati personali il Regolamento Generale sulla Protezione dei [&hellip;]","og_url":"https:\/\/www.hatria.com\/en\/cookie-policy\/","og_site_name":"Hatria S.r.l.","twitter_card":"summary_large_image","twitter_misc":{"Est. reading time":"7 minutes"},"schema":{"@context":"https:\/\/schema.org","@graph":[{"@type":"WebPage","@id":"https:\/\/www.hatria.com\/en\/cookie-policy\/","url":"https:\/\/www.hatria.com\/en\/cookie-policy\/","name":"Cookie Policy - Hatria S.r.l.","isPartOf":{"@id":"https:\/\/www.hatria.com\/en\/#website"},"datePublished":"2022-12-28T09:05:03+00:00","breadcrumb":{"@id":"https:\/\/www.hatria.com\/en\/cookie-policy\/#breadcrumb"},"inLanguage":"en-US","potentialAction":[{"@type":"ReadAction","target":["https:\/\/www.hatria.com\/en\/cookie-policy\/"]}]},{"@type":"BreadcrumbList","@id":"https:\/\/www.hatria.com\/en\/cookie-policy\/#breadcrumb","itemListElement":[{"@type":"ListItem","position":1,"name":"Home","item":"https:\/\/www.hatria.com\/en\/"},{"@type":"ListItem","position":2,"name":"Cookie Policy"}]},{"@type":"WebSite","@id":"https:\/\/www.hatria.com\/en\/#website","url":"https:\/\/www.hatria.com\/en\/","name":"Hatria S.r.l.","description":"Creating Innovation","publisher":{"@id":"https:\/\/www.hatria.com\/en\/#organization"},"potentialAction":[{"@type":"SearchAction","target":{"@type":"EntryPoint","urlTemplate":"https:\/\/www.hatria.com\/en\/?s={search_term_string}"},"query-input":{"@type":"PropertyValueSpecification","valueRequired":true,"valueName":"search_term_string"}}],"inLanguage":"en-US"},{"@type":"Organization","@id":"https:\/\/www.hatria.com\/en\/#organization","name":"Hatria S.r.l.","url":"https:\/\/www.hatria.com\/en\/","logo":{"@type":"ImageObject","inLanguage":"en-US","@id":"https:\/\/www.hatria.com\/en\/#\/schema\/logo\/image\/","url":"https:\/\/www.hatria.com\/site\/wp-content\/uploads\/2022\/12\/Hatria.svg","contentUrl":"https:\/\/www.hatria.com\/site\/wp-content\/uploads\/2022\/12\/Hatria.svg","caption":"Hatria S.r.l."},"image":{"@id":"https:\/\/www.hatria.com\/en\/#\/schema\/logo\/image\/"}}]}},"_links":{"self":[{"href":"https:\/\/www.hatria.com\/en\/wp-json\/wp\/v2\/pages\/8469","targetHints":{"allow":["GET"]}}],"collection":[{"href":"https:\/\/www.hatria.com\/en\/wp-json\/wp\/v2\/pages"}],"about":[{"href":"https:\/\/www.hatria.com\/en\/wp-json\/wp\/v2\/types\/page"}],"author":[{"embeddable":true,"href":"https:\/\/www.hatria.com\/en\/wp-json\/wp\/v2\/users\/1"}],"replies":[{"embeddable":true,"href":"https:\/\/www.hatria.com\/en\/wp-json\/wp\/v2\/comments?post=8469"}],"version-history":[{"count":0,"href":"https:\/\/www.hatria.com\/en\/wp-json\/wp\/v2\/pages\/8469\/revisions"}],"wp:attachment":[{"href":"https:\/\/www.hatria.com\/en\/wp-json\/wp\/v2\/media?parent=8469"}],"curies":[{"name":"wp","href":"https:\/\/api.w.org\/{rel}","templated":true}]}}